{"id":2233,"date":"2017-09-11T10:42:58","date_gmt":"2017-09-11T08:42:58","guid":{"rendered":"http:\/\/blog.diewiens.de\/?page_id=2233"},"modified":"2017-09-11T10:44:31","modified_gmt":"2017-09-11T08:44:31","slug":"suedengland-2017","status":"publish","type":"page","link":"http:\/\/blog.diewiens.de\/?page_id=2233","title":{"rendered":"S\u00fcdengland 2017"},"content":{"rendered":"<div class=\"associated-posts title-excerpt-thumbnail\"><div class=\"associated-post\"><h2 class=\"post-title\"><a href=\"http:\/\/blog.diewiens.de\/?p=2216\" title=\"Brighton (25. August)\">Brighton (25. August)<\/a><\/h2><div class=\"thumb-frame\"><a href=\"http:\/\/blog.diewiens.de\/?p=2216\" title=\"Brighton (25. August)\"><img src=\"http:\/\/www.blog.diewiens.de\/wp-content\/uploads\/2017\/08\/wp-image-347793561-200x150.jpg\" width=\"200\" height=\"150\" alt=\"Brighton (25. August)\" title=\"Brighton (25. August)\" class=\"thumb post-preview-image alignleft\"><\/a><\/div><div class=\"post-excerpt\"><p>Nach einer ruhigen Nacht und einem sonnigen Morgen fahren wir mit dem Zug nach Brighton. Im Vergleich zu Eastbourne ist Brighton doch ziemlich abgerockt. Nicht nur die vierspurige Stra\u00dfe die direkt an der Promenade vorbei geht, auch die deutlich in &hellip; <a href=\"http:\/\/blog.diewiens.de\/?p=2216\">Weiterlesen <span class=\"meta-nav\">&rarr;<\/span><\/a><\/p><\/div><\/div><div class=\"associated-post\"><h2 class=\"post-title\"><a href=\"http:\/\/blog.diewiens.de\/?p=2210\" title=\"Mit Rad nach Eastbourne (24. August)\">Mit Rad nach Eastbourne (24. August)<\/a><\/h2><div class=\"thumb-frame\"><a href=\"http:\/\/blog.diewiens.de\/?p=2210\" title=\"Mit Rad nach Eastbourne (24. August)\"><img src=\"http:\/\/www.blog.diewiens.de\/wp-content\/uploads\/2017\/08\/wp-image-1827797678-200x150.jpg\" width=\"200\" height=\"150\" alt=\"Mit Rad nach Eastbourne (24. August)\" title=\"Mit Rad nach Eastbourne (24. August)\" class=\"thumb post-preview-image alignleft\"><\/a><\/div><div class=\"post-excerpt\"><p>Heute strahlt die Sonne vom fast wolkenlosen Himmel. Die Kinder nehmen sich einen Tag frei und deshalb radeln die Eltern allein die K\u00fcste entlang nach Eastbourne. Zuerst fr\u00fchst\u00fcckten wir noch englisch \u263a in einem Cafe. Dabei leistete uns ein Africatwinfahrer &hellip; <a href=\"http:\/\/blog.diewiens.de\/?p=2210\">Weiterlesen <span class=\"meta-nav\">&rarr;<\/span><\/a><\/p><\/div><\/div><div class=\"associated-post\"><h2 class=\"post-title\"><a href=\"http:\/\/blog.diewiens.de\/?p=2208\" title=\"Aufbruch zum \u00c4rmelkanal nach Normans Bay (23. August)\">Aufbruch zum \u00c4rmelkanal nach Normans Bay (23. August)<\/a><\/h2><div class=\"thumb-frame\"><a href=\"http:\/\/blog.diewiens.de\/?p=2208\" title=\"Aufbruch zum \u00c4rmelkanal nach Normans Bay (23. August)\"><img src=\"http:\/\/www.blog.diewiens.de\/wp-content\/uploads\/2017\/08\/wp-image-1510747138-200x150.jpg\" width=\"200\" height=\"150\" alt=\"Aufbruch zum \u00c4rmelkanal nach Normans Bay (23. August)\" title=\"Aufbruch zum \u00c4rmelkanal nach Normans Bay (23. August)\" class=\"thumb post-preview-image alignleft\"><\/a><\/div><div class=\"post-excerpt\"><p>Heute war ein reiner Fahrtag. Trotz der nur knapp 280 km haben wir mehr als den halben Tag im Auto verbracht. Es ging nur wenige Kilometer \u00fcber die Autobahn. Die Landstra\u00dfen sind zwar oft zweispurig ausgebaut, aber immer wieder durch &hellip; <a href=\"http:\/\/blog.diewiens.de\/?p=2208\">Weiterlesen <span class=\"meta-nav\">&rarr;<\/span><\/a><\/p><\/div><\/div><div class=\"associated-post\"><h2 class=\"post-title\"><a href=\"http:\/\/blog.diewiens.de\/?p=2195\" title=\"Bath (22. August)\">Bath (22. August)<\/a><\/h2><div class=\"thumb-frame\"><a href=\"http:\/\/blog.diewiens.de\/?p=2195\" title=\"Bath (22. August)\"><img src=\"http:\/\/www.blog.diewiens.de\/wp-content\/uploads\/2017\/08\/wp-image-385558955-200x150.jpg\" width=\"200\" height=\"150\" alt=\"Bath (22. August)\" title=\"Bath (22. August)\" class=\"thumb post-preview-image alignleft\"><\/a><\/div><div class=\"post-excerpt\"><p>Heute lie\u00dfen wir es langsam angehen. Nach dem Fr\u00fchst\u00fcck sind wir am River Avon entlang nach Bath mit dem Fahrrad gefahren. Bath ist Unesco Weltkulturerbe, da die komplette Stadt im 18. Jhdt. erbaut bzw. Neubauten in diesem Stil erbautwerden m\u00fcssen. &hellip; <a href=\"http:\/\/blog.diewiens.de\/?p=2195\">Weiterlesen <span class=\"meta-nav\">&rarr;<\/span><\/a><\/p><\/div><\/div><div class=\"associated-post\"><h2 class=\"post-title\"><a href=\"http:\/\/blog.diewiens.de\/?p=2193\" title=\"\u00dcber Cheddar nach Bath (21. August)\">\u00dcber Cheddar nach Bath (21. August)<\/a><\/h2><div class=\"thumb-frame\"><a href=\"http:\/\/blog.diewiens.de\/?p=2193\" title=\"\u00dcber Cheddar nach Bath (21. August)\"><img src=\"http:\/\/www.blog.diewiens.de\/wp-content\/uploads\/2017\/08\/wp-image-518016404-200x150.jpg\" width=\"200\" height=\"150\" alt=\"\u00dcber Cheddar nach Bath (21. August)\" title=\"\u00dcber Cheddar nach Bath (21. August)\" class=\"thumb post-preview-image alignleft\"><\/a><\/div><div class=\"post-excerpt\"><p>Bei sommerlichem Wetter brechen wir auf nach Bath, unserer n\u00e4chsten Station. Der ca. 300 km lange Weg f\u00fchrt uns \u00fcber Cheddar. Das erste was einem bei dem Namen Cheddar in den Sinn kommt, ist der gleichnamige K\u00e4se. Der wird allerdings &hellip; <a href=\"http:\/\/blog.diewiens.de\/?p=2193\">Weiterlesen <span class=\"meta-nav\">&rarr;<\/span><\/a><\/p><\/div><\/div><div class=\"associated-post\"><h2 class=\"post-title\"><a href=\"http:\/\/blog.diewiens.de\/?p=2176\" title=\"Die S\u00fcdspitze Cornwalls (20. August)\">Die S\u00fcdspitze Cornwalls (20. August)<\/a><\/h2><div class=\"thumb-frame\"><a href=\"http:\/\/blog.diewiens.de\/?p=2176\" title=\"Die S\u00fcdspitze Cornwalls (20. August)\"><img src=\"http:\/\/www.blog.diewiens.de\/wp-content\/uploads\/2017\/08\/wp-image-450481366-200x150.jpg\" width=\"200\" height=\"150\" alt=\"Die S\u00fcdspitze Cornwalls (20. August)\" title=\"Die S\u00fcdspitze Cornwalls (20. August)\" class=\"thumb post-preview-image alignleft\"><\/a><\/div><div class=\"post-excerpt\"><p>Bei &#8222;englischem Wetter&#8220; machen wir uns auf den Weg an die S\u00fcdspitze Cornwalls. Es regnet so stark dass wir uns entschlie\u00dfen unser Fr\u00fchst\u00fcck unterwegs einzunehmen. Ein wenig liegt uns der Zeitplan f\u00fcr heute am Herzen. Wir wollen auf die Insel &hellip; <a href=\"http:\/\/blog.diewiens.de\/?p=2176\">Weiterlesen <span class=\"meta-nav\">&rarr;<\/span><\/a><\/p><\/div><\/div><div class=\"associated-post\"><h2 class=\"post-title\"><a href=\"http:\/\/blog.diewiens.de\/?p=2162\" title=\"Die K\u00fcste Cornwalls (19. August)\">Die K\u00fcste Cornwalls (19. August)<\/a><\/h2><div class=\"thumb-frame\"><a href=\"http:\/\/blog.diewiens.de\/?p=2162\" title=\"Die K\u00fcste Cornwalls (19. August)\"><img src=\"http:\/\/www.blog.diewiens.de\/wp-content\/uploads\/2017\/08\/wp-image-1501929800-200x150.jpg\" width=\"200\" height=\"150\" alt=\"Die K\u00fcste Cornwalls (19. August)\" title=\"Die K\u00fcste Cornwalls (19. August)\" class=\"thumb post-preview-image alignleft\"><\/a><\/div><div class=\"post-excerpt\"><p>Heute sind wir an der K\u00fcste entlang gefahren und haben uns verschiedene kleine Hafenst\u00e4dtchen und Sehensw\u00fcrdigkeiten angesehen. U. A. waren wir an dem verfallenen Tintagel Castle in dem der legend\u00e4re Konig Arthus geboren sein soll. Unterhalb der verfallenen Gem\u00e4uer liegen &hellip; <a href=\"http:\/\/blog.diewiens.de\/?p=2162\">Weiterlesen <span class=\"meta-nav\">&rarr;<\/span><\/a><\/p><\/div><\/div><div class=\"associated-post\"><h2 class=\"post-title\"><a href=\"http:\/\/blog.diewiens.de\/?p=2155\" title=\"Eden Project (17. August)\">Eden Project (17. August)<\/a><\/h2><div class=\"thumb-frame\"><a href=\"http:\/\/blog.diewiens.de\/?p=2155\" title=\"Eden Project (17. August)\"><img src=\"http:\/\/www.blog.diewiens.de\/wp-content\/uploads\/2017\/08\/wp-image-1432780318-200x150.jpg\" width=\"200\" height=\"150\" alt=\"Eden Project (17. August)\" title=\"Eden Project (17. August)\" class=\"thumb post-preview-image alignleft\"><\/a><\/div><div class=\"post-excerpt\"><p>Das Eden Project ist eine Idee von einem Gartenliebhaber namens Tim Smit. Kekennzeichnet durch 2 riesige Gew\u00e4chsh\u00e4user die wie Kuppelbauten gestaltet sind, ist die gesamte Anlage in einem ehemaligen Tagebau eingebettet. Die beiden Gew\u00e4chsh\u00e4user sind zwei Klimazonen nach geahmt. Einmal &hellip; <a href=\"http:\/\/blog.diewiens.de\/?p=2155\">Weiterlesen <span class=\"meta-nav\">&rarr;<\/span><\/a><\/p><\/div><\/div><div class=\"associated-post\"><h2 class=\"post-title\"><a href=\"http:\/\/blog.diewiens.de\/?p=2135\" title=\"Lost Gardens of Heligan (17. August)\">Lost Gardens of Heligan (17. August)<\/a><\/h2><div class=\"thumb-frame\"><a href=\"http:\/\/blog.diewiens.de\/?p=2135\" title=\"Lost Gardens of Heligan (17. August)\"><img src=\"http:\/\/www.blog.diewiens.de\/wp-content\/uploads\/2017\/08\/wp-image-1211679620-200x150.jpg\" width=\"200\" height=\"150\" alt=\"Lost Gardens of Heligan (17. August)\" title=\"Lost Gardens of Heligan (17. August)\" class=\"thumb post-preview-image alignleft\"><\/a><\/div><div class=\"post-excerpt\"><p>Heute haben wir uns auf den Weg ins Cornwall gemacht. Vor dem eigentlichen Fahrtantritt gab es aber noch ein Fr\u00fchst\u00fcck in einem nahe gelegenem Rasthof. Warum? Na, weil einer der Mitrei\u00dfenden unbedingt mal ein original englisches Fr\u00fchst\u00fcck haben wollte! Auf &hellip; <a href=\"http:\/\/blog.diewiens.de\/?p=2135\">Weiterlesen <span class=\"meta-nav\">&rarr;<\/span><\/a><\/p><\/div><\/div><div class=\"associated-post\"><h2 class=\"post-title\"><a href=\"http:\/\/blog.diewiens.de\/?p=2109\" title=\"Aufbruch zum Dartmoor (15. August)\">Aufbruch zum Dartmoor (15. August)<\/a><\/h2><div class=\"thumb-frame\"><a href=\"http:\/\/blog.diewiens.de\/?p=2109\" title=\"Aufbruch zum Dartmoor (15. August)\"><img src=\"http:\/\/www.blog.diewiens.de\/wp-content\/uploads\/2017\/08\/wp-image-1474355240-200x150.jpg\" width=\"200\" height=\"150\" alt=\"Aufbruch zum Dartmoor (15. August)\" title=\"Aufbruch zum Dartmoor (15. August)\" class=\"thumb post-preview-image alignleft\"><\/a><\/div><div class=\"post-excerpt\"><p>Nach vier Tagen verlassen wir den wundersch\u00f6nen Campingplatz in der N\u00e4he von Wareham und fahren weiter in Richtung Dartmoore. Es geht \u00fcber teils h\u00fcgelige und enge Stra\u00dfen immer weiter die S\u00fcdk\u00fcste entlang. Kurz vor unserem Ziel im Teign Valley machen &hellip; <a href=\"http:\/\/blog.diewiens.de\/?p=2109\">Weiterlesen <span class=\"meta-nav\">&rarr;<\/span><\/a><\/p><\/div><\/div><div class=\"associated-post\"><h2 class=\"post-title\"><a href=\"http:\/\/blog.diewiens.de\/?p=2103\" title=\"Swanage, die Old Harry Rocks und Corfe Castel (13. August)\">Swanage, die Old Harry Rocks und Corfe Castel (13. August)<\/a><\/h2><div class=\"thumb-frame\"><a href=\"http:\/\/blog.diewiens.de\/?p=2103\" title=\"Swanage, die Old Harry Rocks und Corfe Castel (13. August)\"><img src=\"http:\/\/www.blog.diewiens.de\/wp-content\/uploads\/2017\/08\/wp-image-669253334-200x150.jpg\" width=\"200\" height=\"150\" alt=\"Swanage, die Old Harry Rocks und Corfe Castel (13. August)\" title=\"Swanage, die Old Harry Rocks und Corfe Castel (13. August)\" class=\"thumb post-preview-image alignleft\"><\/a><\/div><div class=\"post-excerpt\"><p>Nach dem Fr\u00fchst\u00fcck sind wir an die K\u00fcste, in die N\u00e4he von Swanage gefahren. Dort sind wir dann den K\u00fcstenweg entlang zu den &#8222;Old Harry Rocks&#8220; gelaufen. Die gesamte K\u00fcste besteht in diesem Abschnitt aus Kalkstein, \u00e4hnlich der K\u00fcste auf &hellip; <a href=\"http:\/\/blog.diewiens.de\/?p=2103\">Weiterlesen <span class=\"meta-nav\">&rarr;<\/span><\/a><\/p><\/div><\/div><div class=\"associated-post\"><h2 class=\"post-title\"><a href=\"http:\/\/blog.diewiens.de\/?p=2083\" title=\"National Motor Museum Beaulieu (12. August)\u00a0\">National Motor Museum Beaulieu (12. August)\u00a0<\/a><\/h2><div class=\"thumb-frame\"><a href=\"http:\/\/blog.diewiens.de\/?p=2083\" title=\"National Motor Museum Beaulieu (12. August)\u00a0\"><img src=\"http:\/\/www.blog.diewiens.de\/wp-content\/uploads\/2017\/08\/wp-image-1721607674-200x150.jpg\" width=\"200\" height=\"150\" alt=\"National Motor Museum Beaulieu (12. August)\u00a0\" title=\"National Motor Museum Beaulieu (12. August)\u00a0\" class=\"thumb post-preview-image alignleft\"><\/a><\/div><div class=\"post-excerpt\"><p>Von Wareham aus ging es heute nach Beaulieu. Leider hat uns das Navi durch das Landesinnere und nicht an der K\u00fcste entlang gef\u00fchrt. Den R\u00fcckweg haben wir dann aktiv selbst bestimmt, doch dazu sp\u00e4ter mehr. Das National Motormuseum wurde von &hellip; <a href=\"http:\/\/blog.diewiens.de\/?p=2083\">Weiterlesen <span class=\"meta-nav\">&rarr;<\/span><\/a><\/p><\/div><\/div><div class=\"associated-post\"><h2 class=\"post-title\"><a href=\"http:\/\/blog.diewiens.de\/?p=2056\" title=\"Mit Zwischenstopp nach Wareham (11. August)\u00a0\">Mit Zwischenstopp nach Wareham (11. August)\u00a0<\/a><\/h2><div class=\"thumb-frame\"><a href=\"http:\/\/blog.diewiens.de\/?p=2056\" title=\"Mit Zwischenstopp nach Wareham (11. August)\u00a0\"><img src=\"http:\/\/www.blog.diewiens.de\/wp-content\/uploads\/2017\/08\/wp-image-1516120237-200x150.jpg\" width=\"200\" height=\"150\" alt=\"Mit Zwischenstopp nach Wareham (11. August)\u00a0\" title=\"Mit Zwischenstopp nach Wareham (11. August)\u00a0\" class=\"thumb post-preview-image alignleft\"><\/a><\/div><div class=\"post-excerpt\"><p>Nach dem wir unsere Sieben Sachen gepackt hatten, sind wir zun\u00e4chst zu einem Supermarkt gefahren um unsere Vorr\u00e4te aufzuf\u00fcllen. &nbsp;Im Anschluss ging es dann zum U-Boot Museum, das noch zu dem Royal Navi Museum Dockyards geh\u00f6rt. Da unsere Eintrittskarten einer &hellip; <a href=\"http:\/\/blog.diewiens.de\/?p=2056\">Weiterlesen <span class=\"meta-nav\">&rarr;<\/span><\/a><\/p><\/div><\/div><div class=\"associated-post\"><h2 class=\"post-title\"><a href=\"http:\/\/blog.diewiens.de\/?p=2053\" title=\"Isle of Wight (10. August)\">Isle of Wight (10. August)<\/a><\/h2><div class=\"thumb-frame\"><a href=\"http:\/\/blog.diewiens.de\/?p=2053\" title=\"Isle of Wight (10. August)\"><img src=\"http:\/\/www.blog.diewiens.de\/wp-content\/uploads\/2017\/08\/wp-image-56590074-200x150.jpg\" width=\"200\" height=\"150\" alt=\"Isle of Wight (10. August)\" title=\"Isle of Wight (10. August)\" class=\"thumb post-preview-image alignleft\"><\/a><\/div><div class=\"post-excerpt\"><p>Heute sind wir mit Sonnenschein in den Tag gestartet. Und so sollte es auch den ganze Tag \u00fcber weiter gehen. Mit dem Fahrrad sind wir zun\u00e4chst zur F\u00e4hre nach Portmouth gefahren um von dort aus mit der n\u00e4chsten F\u00e4hre auf &hellip; <a href=\"http:\/\/blog.diewiens.de\/?p=2053\">Weiterlesen <span class=\"meta-nav\">&rarr;<\/span><\/a><\/p><\/div><\/div><div class=\"associated-post\"><h2 class=\"post-title\"><a href=\"http:\/\/blog.diewiens.de\/?p=2039\" title=\"Historic Dockyards in Portsmouth (9. August)\">Historic Dockyards in Portsmouth (9. August)<\/a><\/h2><div class=\"thumb-frame\"><a href=\"http:\/\/blog.diewiens.de\/?p=2039\" title=\"Historic Dockyards in Portsmouth (9. August)\"><img src=\"http:\/\/www.blog.diewiens.de\/wp-content\/uploads\/2017\/08\/wp-image-1441494020-200x150.jpg\" width=\"200\" height=\"150\" alt=\"Historic Dockyards in Portsmouth (9. August)\" title=\"Historic Dockyards in Portsmouth (9. August)\" class=\"thumb post-preview-image alignleft\"><\/a><\/div><div class=\"post-excerpt\"><p>Das Wetter ist heute sehr bescheiden! Bei 13 \u00b0 und Regen machen wir uns mit dem Taxi auf zur F\u00e4hre, um zu den Dockyards \u00fcber zu setzen. Das Historic Dockyard ist ein Museum der Royal Navi, in dem die Geschichte &hellip; <a href=\"http:\/\/blog.diewiens.de\/?p=2039\">Weiterlesen <span class=\"meta-nav\">&rarr;<\/span><\/a><\/p><\/div><\/div><div class=\"associated-post\"><h2 class=\"post-title\"><a href=\"http:\/\/blog.diewiens.de\/?p=2031\" title=\"Zur S\u00fcdk\u00fcste nach Portmouth (8. August)\">Zur S\u00fcdk\u00fcste nach Portmouth (8. August)<\/a><\/h2><div class=\"thumb-frame\"><a href=\"http:\/\/blog.diewiens.de\/?p=2031\" title=\"Zur S\u00fcdk\u00fcste nach Portmouth (8. August)\"><img src=\"http:\/\/www.blog.diewiens.de\/wp-content\/uploads\/2017\/08\/wp-image-1148528441-200x150.jpg\" width=\"200\" height=\"150\" alt=\"Zur S\u00fcdk\u00fcste nach Portmouth (8. August)\" title=\"Zur S\u00fcdk\u00fcste nach Portmouth (8. August)\" class=\"thumb post-preview-image alignleft\"><\/a><\/div><div class=\"post-excerpt\"><p>Wir verlassen Abby Wood \u00fcber die M25 zun\u00e4chst in Richtung Westen um dann weiter auf der M23 die S\u00fcdk\u00fcste anzusteuern. Unser erstes Ziel ist ein alter Landsitz von Lord und Lady Egremont.&nbsp; Petwoth Park ist ein sehr beeindruckendes Anwesen mit &hellip; <a href=\"http:\/\/blog.diewiens.de\/?p=2031\">Weiterlesen <span class=\"meta-nav\">&rarr;<\/span><\/a><\/p><\/div><\/div><div class=\"associated-post\"><h2 class=\"post-title\"><a href=\"http:\/\/blog.diewiens.de\/?p=2017\" title=\"London Tag II ( 7. August)\">London Tag II ( 7. August)<\/a><\/h2><div class=\"thumb-frame\"><a href=\"http:\/\/blog.diewiens.de\/?p=2017\" title=\"London Tag II ( 7. August)\"><img src=\"http:\/\/www.blog.diewiens.de\/wp-content\/uploads\/2017\/08\/wp-image-1698801513-200x150.jpg\" width=\"200\" height=\"150\" alt=\"London Tag II ( 7. August)\" title=\"London Tag II ( 7. August)\" class=\"thumb post-preview-image alignleft\"><\/a><\/div><div class=\"post-excerpt\"><p>Bei bedecktem aber trockenem Wetter sind wir heute zu unserem 2. Tag in London aufgebrochen. Erstes gemeinsames Ziel war die Oxford Street, eine wohl der bekanntesten Shopping- Meilen in England. Ein nicht typisches englisches Fr\u00fchst\u00fcck gab es bei Costa. Und &hellip; <a href=\"http:\/\/blog.diewiens.de\/?p=2017\">Weiterlesen <span class=\"meta-nav\">&rarr;<\/span><\/a><\/p><\/div><\/div><div class=\"associated-post\"><h2 class=\"post-title\"><a href=\"http:\/\/blog.diewiens.de\/?p=2011\" title=\"London (06. August)\">London (06. August)<\/a><\/h2><div class=\"thumb-frame\"><a href=\"http:\/\/blog.diewiens.de\/?p=2011\" title=\"London (06. August)\"><img src=\"http:\/\/www.blog.diewiens.de\/wp-content\/uploads\/2017\/08\/wp-image-179056258-200x150.jpg\" width=\"200\" height=\"150\" alt=\"London (06. August)\" title=\"London (06. August)\" class=\"thumb post-preview-image alignleft\"><\/a><\/div><div class=\"post-excerpt\"><p>Wieder einmal begleitet uns bei unserem Besuch in London strahlender Sonnenschein. Von Abbey Wood fahren wir in gut 30 min nach London in die Innenstadt. \u00a0Wir besuchen den Bricklane- und Spitalfieldsmarket. Viel wirklich sehr kreative Kleidung und Vintage-Klamotten werden dort &hellip; <a href=\"http:\/\/blog.diewiens.de\/?p=2011\">Weiterlesen <span class=\"meta-nav\">&rarr;<\/span><\/a><\/p><\/div><\/div><div class=\"associated-post\"><h2 class=\"post-title\"><a href=\"http:\/\/blog.diewiens.de\/?p=2001\" title=\"Auf zur Insel (5. August)\">Auf zur Insel (5. August)<\/a><\/h2><div class=\"thumb-frame\"><a href=\"http:\/\/blog.diewiens.de\/?p=2001\" title=\"Auf zur Insel (5. August)\"><img src=\"http:\/\/www.blog.diewiens.de\/wp-content\/uploads\/2017\/08\/wp-image-1437612027-200x150.jpg\" width=\"200\" height=\"150\" alt=\"Auf zur Insel (5. August)\" title=\"Auf zur Insel (5. August)\" class=\"thumb post-preview-image alignleft\"><\/a><\/div><div class=\"post-excerpt\"><p>Mit Sack und Pack ging es um 4:20 Uhr los Richtung England. Unser erstes Ziel ist Abbey Wood, \u00f6stlich von London. \u00dcber die Niederlande und &nbsp;Belgien ging es nach D\u00fcnkirchen in Frankreich. Die Fahrt der F\u00e4hre ist f\u00fcr 12:00 Uhr &hellip; <a href=\"http:\/\/blog.diewiens.de\/?p=2001\">Weiterlesen <span class=\"meta-nav\">&rarr;<\/span><\/a><\/p><\/div><\/div><\/div>\n","protected":false},"excerpt":{"rendered":"<p>Brighton (25. August)Nach einer ruhigen Nacht und einem sonnigen Morgen fahren wir mit dem Zug nach Brighton. Im Vergleich zu Eastbourne ist Brighton doch ziemlich abgerockt. Nicht nur die vierspurige Stra\u00dfe die direkt an der Promenade vorbei geht, auch die &hellip; <a href=\"http:\/\/blog.diewiens.de\/?page_id=2233\">Weiterlesen <span class=\"meta-nav\">&rarr;<\/span><\/a><\/p>\n","protected":false},"author":6,"featured_media":0,"parent":19,"menu_order":21,"comment_status":"closed","ping_status":"closed","template":"","meta":{"footnotes":""},"class_list":["post-2233","page","type-page","status-publish","hentry"],"_links":{"self":[{"href":"http:\/\/blog.diewiens.de\/index.php?rest_route=\/wp\/v2\/pages\/2233","targetHints":{"allow":["GET"]}}],"collection":[{"href":"http:\/\/blog.diewiens.de\/index.php?rest_route=\/wp\/v2\/pages"}],"about":[{"href":"http:\/\/blog.diewiens.de\/index.php?rest_route=\/wp\/v2\/types\/page"}],"author":[{"embeddable":true,"href":"http:\/\/blog.diewiens.de\/index.php?rest_route=\/wp\/v2\/users\/6"}],"replies":[{"embeddable":true,"href":"http:\/\/blog.diewiens.de\/index.php?rest_route=%2Fwp%2Fv2%2Fcomments&post=2233"}],"version-history":[{"count":0,"href":"http:\/\/blog.diewiens.de\/index.php?rest_route=\/wp\/v2\/pages\/2233\/revisions"}],"up":[{"embeddable":true,"href":"http:\/\/blog.diewiens.de\/index.php?rest_route=\/wp\/v2\/pages\/19"}],"wp:attachment":[{"href":"http:\/\/blog.diewiens.de\/index.php?rest_route=%2Fwp%2Fv2%2Fmedia&parent=2233"}],"curies":[{"name":"wp","href":"https:\/\/api.w.org\/{rel}","templated":true}]}}