{"id":241,"date":"2013-04-21T20:53:18","date_gmt":"2013-04-21T18:53:18","guid":{"rendered":"http:\/\/blog.diewiens.de\/?page_id=241"},"modified":"2017-09-11T10:35:35","modified_gmt":"2017-09-11T08:35:35","slug":"baltikum-2013","status":"publish","type":"page","link":"http:\/\/blog.diewiens.de\/?page_id=241","title":{"rendered":"Baltikum 2013"},"content":{"rendered":"<p style=\"text-align: left;\">Das <a title=\"Baltikum\" href=\"http:\/\/de.wikipedia.org\/wiki\/Baltikum\" target=\"_blank\" rel=\"noopener\">Baltikum<\/a> ist ein geographisches Gebiet in Nordosteuropa. Die drei L\u00e4nder <a title=\"Litauen\" href=\"http:\/\/de.wikipedia.org\/wiki\/Litauen\" target=\"_blank\" rel=\"noopener\">Litauen<\/a>, <a title=\"Lettland\" href=\"http:\/\/de.wikipedia.org\/wiki\/Lettland\" target=\"_blank\" rel=\"noopener\">Lettland<\/a> und <a title=\"Estland\" href=\"http:\/\/de.wikipedia.org\/wiki\/Estland\" target=\"_blank\" rel=\"noopener\">Estland<\/a> sind unabh\u00e4ngige Staaten und werden gemeinsam als Baltikum bezeichnet. Bis 1990 geh\u00f6rten alle drei Staaten zur Sowjetunion. Mit dem Zerfall des Ostblocks wurde die L\u00e4nder unabh\u00e4ngig und schlie\u00dflich 2004 Mitglied in der EU und der NATO. In Estland wurde als erstes der drei L\u00e4nder 2011 der EURO als W\u00e4hrung eingef\u00fchrt.<\/p>\n<p style=\"text-align: left;\">Und genau dorthin soll unser Sommer-Urlaub 2013 gehen. \ud83d\ude42<\/p>\n<p style=\"text-align: left;\"><a title=\"Vorbereitung\" href=\"http:\/\/blog.diewiens.de\/?page_id=249\"><strong>Vorbereitung<\/strong><\/a><\/p>\n<p style=\"text-align: left;\"><strong><a title=\"Reisetagebuch Baltikum 2013\" href=\"http:\/\/blog.diewiens.de\/?page_id=694\">Reisetagebuch<\/a><\/strong><\/p>\n<p><strong><a title=\"Baltikum 2013\" href=\"http:\/\/blog.diewiens.de\/?page_id=1128\" target=\"_blank\" rel=\"noopener\">Fotogalerie<\/a><\/strong><\/p>\n\n","protected":false},"excerpt":{"rendered":"<p>Das Baltikum ist ein geographisches Gebiet in Nordosteuropa. Die drei L\u00e4nder Litauen, Lettland und Estland sind unabh\u00e4ngige Staaten und werden gemeinsam als Baltikum bezeichnet. Bis 1990 geh\u00f6rten alle drei Staaten zur Sowjetunion. Mit dem Zerfall des Ostblocks wurde die L\u00e4nder &hellip; <a href=\"http:\/\/blog.diewiens.de\/?page_id=241\">Weiterlesen <span class=\"meta-nav\">&rarr;<\/span><\/a><\/p>\n","protected":false},"author":3,"featured_media":0,"parent":19,"menu_order":27,"comment_status":"open","ping_status":"closed","template":"","meta":{"footnotes":""},"class_list":["post-241","page","type-page","status-publish","hentry"],"_links":{"self":[{"href":"http:\/\/blog.diewiens.de\/index.php?rest_route=\/wp\/v2\/pages\/241","targetHints":{"allow":["GET"]}}],"collection":[{"href":"http:\/\/blog.diewiens.de\/index.php?rest_route=\/wp\/v2\/pages"}],"about":[{"href":"http:\/\/blog.diewiens.de\/index.php?rest_route=\/wp\/v2\/types\/page"}],"author":[{"embeddable":true,"href":"http:\/\/blog.diewiens.de\/index.php?rest_route=\/wp\/v2\/users\/3"}],"replies":[{"embeddable":true,"href":"http:\/\/blog.diewiens.de\/index.php?rest_route=%2Fwp%2Fv2%2Fcomments&post=241"}],"version-history":[{"count":0,"href":"http:\/\/blog.diewiens.de\/index.php?rest_route=\/wp\/v2\/pages\/241\/revisions"}],"up":[{"embeddable":true,"href":"http:\/\/blog.diewiens.de\/index.php?rest_route=\/wp\/v2\/pages\/19"}],"wp:attachment":[{"href":"http:\/\/blog.diewiens.de\/index.php?rest_route=%2Fwp%2Fv2%2Fmedia&parent=241"}],"curies":[{"name":"wp","href":"https:\/\/api.w.org\/{rel}","templated":true}]}}