{"id":694,"date":"2013-08-17T01:45:02","date_gmt":"2013-08-16T23:45:02","guid":{"rendered":"http:\/\/blog.diewiens.de\/?page_id=694"},"modified":"2014-05-21T15:31:56","modified_gmt":"2014-05-21T13:31:56","slug":"reisetagebuch-baltikum-2013","status":"publish","type":"page","link":"http:\/\/blog.diewiens.de\/?page_id=694","title":{"rendered":"Reisetagebuch Baltikum 2013"},"content":{"rendered":"<p>&nbsp;<\/p>\n<p>&nbsp;<\/p>\n<div class=\"associated-posts title-excerpt-thumbnail\"><div class=\"associated-post\"><h2 class=\"post-title\"><a href=\"http:\/\/blog.diewiens.de\/?p=667\" title=\"Relaxen am Haff und Abschied nehmen vom Baltikum (8. August)\">Relaxen am Haff und Abschied nehmen vom Baltikum (8. August)<\/a><\/h2><div class=\"thumb-frame\"><a href=\"http:\/\/blog.diewiens.de\/?p=667\" title=\"Relaxen am Haff und Abschied nehmen vom Baltikum (8. August)\"><img src=\"http:\/\/www.blog.diewiens.de\/wp-content\/uploads\/2013\/08\/wpid-2013-08-08-12.55.46-150x150.jpg\" width=\"150\" height=\"150\" alt=\"Relaxen am Haff und Abschied nehmen vom Baltikum (8. August)\" title=\"Relaxen am Haff und Abschied nehmen vom Baltikum (8. August)\" class=\"thumb post-preview-image alignleft\"><\/a><\/div><div class=\"post-excerpt\"><p>Direkt gegen\u00fcber der Kurischen N\u00e4hrung haben wir uns f\u00fcr die letzten zwei Tage auf einem Campingplatz niedergelassen. Ohne gro\u00dfe Pl\u00e4ne werden wird die beiden Tage hier verbringen. Bei \u00fcber 33 Grad sind Aktivit\u00e4ten ohnehin nicht wirklich angenehm. So waren heute &hellip; <a href=\"http:\/\/blog.diewiens.de\/?p=667\">Weiterlesen <span class=\"meta-nav\">&rarr;<\/span><\/a><\/p><\/div><\/div><div class=\"associated-post\"><h2 class=\"post-title\"><a href=\"http:\/\/blog.diewiens.de\/?p=665\" title=\"\u00dcber Kaunas zur\u00fcck nach Klaipeda (7. August)\">\u00dcber Kaunas zur\u00fcck nach Klaipeda (7. August)<\/a><\/h2><div class=\"thumb-frame\"><a href=\"http:\/\/blog.diewiens.de\/?p=665\" title=\"\u00dcber Kaunas zur\u00fcck nach Klaipeda (7. August)\"><img src=\"http:\/\/www.blog.diewiens.de\/wp-content\/uploads\/2013\/08\/wpid-20130807_211042-150x150.jpg\" width=\"150\" height=\"150\" alt=\"\u00dcber Kaunas zur\u00fcck nach Klaipeda (7. August)\" title=\"\u00dcber Kaunas zur\u00fcck nach Klaipeda (7. August)\" class=\"thumb post-preview-image alignleft\"><\/a><\/div><div class=\"post-excerpt\"><p>Bei strahlendem Sonnenschein stoppten wir zun\u00e4chst in Kaunus. Dort trafen wir uns mit Stefan, der mit einer Litauerin verheiratet ist und den wir auf der Hinfahrt auf der F\u00e4hre kennen gelernt haben. Stefan hatte uns zu einer privaten Stadtf\u00fchrung eingeladen.\u00a0 &hellip; <a href=\"http:\/\/blog.diewiens.de\/?p=665\">Weiterlesen <span class=\"meta-nav\">&rarr;<\/span><\/a><\/p><\/div><\/div><div class=\"associated-post\"><h2 class=\"post-title\"><a href=\"http:\/\/blog.diewiens.de\/?p=654\" title=\"Vilnius und die Burg von Trakai (6. August)\">Vilnius und die Burg von Trakai (6. August)<\/a><\/h2><div class=\"thumb-frame\"><a href=\"http:\/\/blog.diewiens.de\/?p=654\" title=\"Vilnius und die Burg von Trakai (6. August)\"><img src=\"http:\/\/www.blog.diewiens.de\/wp-content\/uploads\/2013\/08\/wpid-20130806_1638132-150x150.jpg\" width=\"150\" height=\"150\" alt=\"Vilnius und die Burg von Trakai (6. August)\" title=\"Vilnius und die Burg von Trakai (6. August)\" class=\"thumb post-preview-image alignleft\"><\/a><\/div><div class=\"post-excerpt\"><p>Bei gut 28 Grad haben wir heute die Altstadt von Vilnius besichtigt.\u00a0 Vilnius, die Hauptstadt von Litauen,\u00a0 wartet mit unz\u00e4hligen alten Geb\u00e4uden unterschiedlicher Baustile auf. Darunter befinden sich auch viele Kirchen. Wir sind sowohl\u00a0 zu Fu\u00df wie auch mit einem &hellip; <a href=\"http:\/\/blog.diewiens.de\/?p=654\">Weiterlesen <span class=\"meta-nav\">&rarr;<\/span><\/a><\/p><\/div><\/div><div class=\"associated-post\"><h2 class=\"post-title\"><a href=\"http:\/\/blog.diewiens.de\/?p=630\" title=\"\u00dcber den geographischen Mittelpunkt Europas zur\u00fcck nach Litauen (5. August)\">\u00dcber den geographischen Mittelpunkt Europas zur\u00fcck nach Litauen (5. August)<\/a><\/h2><div class=\"thumb-frame\"><a href=\"http:\/\/blog.diewiens.de\/?p=630\" title=\"\u00dcber den geographischen Mittelpunkt Europas zur\u00fcck nach Litauen (5. August)\"><img src=\"http:\/\/www.blog.diewiens.de\/wp-content\/uploads\/2013\/08\/wpid-20130805_1751361-150x150.jpg\" width=\"150\" height=\"150\" alt=\"\u00dcber den geographischen Mittelpunkt Europas zur\u00fcck nach Litauen (5. August)\" title=\"\u00dcber den geographischen Mittelpunkt Europas zur\u00fcck nach Litauen (5. August)\" class=\"thumb post-preview-image alignleft\"><\/a><\/div><div class=\"post-excerpt\"><p>Heute war ein reiner Fahrtag. Da wir unbedingt Trakai, Vilnius und Kaunas in Litauen sehen wollten,\u00a0 war heute Kilometer machen angesagt ( schon bl\u00f6d wenn man zu wenig Zeit hat f\u00fcr all die sch\u00f6nen Dinge unterwegs). Von P\u00f6lva in Estland &hellip; <a href=\"http:\/\/blog.diewiens.de\/?p=630\">Weiterlesen <span class=\"meta-nav\">&rarr;<\/span><\/a><\/p><\/div><\/div><div class=\"associated-post\"><h2 class=\"post-title\"><a href=\"http:\/\/blog.diewiens.de\/?p=624\" title=\"2. Tag bei P\u00f6lva an der Ahja (04. August)\">2. Tag bei P\u00f6lva an der Ahja (04. August)<\/a><\/h2><div class=\"thumb-frame\"><a href=\"http:\/\/blog.diewiens.de\/?p=624\" title=\"2. Tag bei P\u00f6lva an der Ahja (04. August)\"><img src=\"http:\/\/www.blog.diewiens.de\/wp-content\/uploads\/2013\/08\/wpid-DSCF0668-150x150.jpg\" width=\"150\" height=\"150\" alt=\"2. Tag bei P\u00f6lva an der Ahja (04. August)\" title=\"2. Tag bei P\u00f6lva an der Ahja (04. August)\" class=\"thumb post-preview-image alignleft\"><\/a><\/div><div class=\"post-excerpt\"><p>Da der Campingplatzbetreiber auch Kanus vermietet haben wir uns heute welche f\u00fcr einen abenteuerlichen Trip ausgeliehen. Zun\u00e4chst ging es mit dem dem Auto und den angeh\u00e4ngten Kanus zur Einstiegsstelle am Fluss. Dort bekamen wir umfangreiche Informationen zum Handling eines Kanus. &hellip; <a href=\"http:\/\/blog.diewiens.de\/?p=624\">Weiterlesen <span class=\"meta-nav\">&rarr;<\/span><\/a><\/p><\/div><\/div><div class=\"associated-post\"><h2 class=\"post-title\"><a href=\"http:\/\/blog.diewiens.de\/?p=616\" title=\"Vom Peipsij\u00e4rv zum Fluss Ahja (3. August)\">Vom Peipsij\u00e4rv zum Fluss Ahja (3. August)<\/a><\/h2><div class=\"thumb-frame\"><a href=\"http:\/\/blog.diewiens.de\/?p=616\" title=\"Vom Peipsij\u00e4rv zum Fluss Ahja (3. August)\"><img src=\"http:\/\/www.blog.diewiens.de\/wp-content\/uploads\/2013\/08\/wpid-IMG_56651-150x150.jpg\" width=\"150\" height=\"150\" alt=\"Vom Peipsij\u00e4rv zum Fluss Ahja (3. August)\" title=\"Vom Peipsij\u00e4rv zum Fluss Ahja (3. August)\" class=\"thumb post-preview-image alignleft\"><\/a><\/div><div class=\"post-excerpt\"><p>Nach dem Abbau sind wir ein ganzes St\u00fcck dem Ufer des Peipsij\u00e4r gefolgt. Vorbei an H\u00f6fen immer in Sichtweite des Sees\u00a0 ging es h\u00e4ufig auf unbefestigten Wegen immer Richtung S\u00fcden. Wir sahen viele Storchennester in teilweise sehr exklusiver Wohnlage. In &hellip; <a href=\"http:\/\/blog.diewiens.de\/?p=616\">Weiterlesen <span class=\"meta-nav\">&rarr;<\/span><\/a><\/p><\/div><\/div><div class=\"associated-post\"><h2 class=\"post-title\"><a href=\"http:\/\/blog.diewiens.de\/?p=606\" title=\"Bratkartoffeln \u00e0 la Estonia\">Bratkartoffeln \u00e0 la Estonia<\/a><\/h2><div class=\"thumb-frame\"><a href=\"http:\/\/blog.diewiens.de\/?p=606\" title=\"Bratkartoffeln \u00e0 la Estonia\"><img src=\"http:\/\/www.blog.diewiens.de\/wp-content\/uploads\/2013\/08\/wpid-20130802_2044481-150x150.jpg\" width=\"150\" height=\"150\" alt=\"Bratkartoffeln \u00e0 la Estonia\" title=\"Bratkartoffeln \u00e0 la Estonia\" class=\"thumb post-preview-image alignleft\"><\/a><\/div><div class=\"post-excerpt\"><p>Man(n) nehme: Rohe Kartoffeln, Salz Einen Gaskocher und eine Bratpfanne Einen sch\u00f6nen Kochplatz mit Blick auf das Wasser eines estnischen Sees Und eine Dose Bier f\u00fcr den Koch Viel Spa\u00df beim Nachmachen \ud83d\ude42<\/p><\/div><\/div><div class=\"associated-post\"><h2 class=\"post-title\"><a href=\"http:\/\/blog.diewiens.de\/?p=598\" title=\"Richtung S\u00fcden an den Peipsij\u00e4rv (2. August)\">Richtung S\u00fcden an den Peipsij\u00e4rv (2. August)<\/a><\/h2><div class=\"thumb-frame\"><a href=\"http:\/\/blog.diewiens.de\/?p=598\" title=\"Richtung S\u00fcden an den Peipsij\u00e4rv (2. August)\"><img src=\"http:\/\/www.blog.diewiens.de\/wp-content\/uploads\/2013\/08\/wpid-20130802_1344462-150x150.jpg\" width=\"150\" height=\"150\" alt=\"Richtung S\u00fcden an den Peipsij\u00e4rv (2. August)\" title=\"Richtung S\u00fcden an den Peipsij\u00e4rv (2. August)\" class=\"thumb post-preview-image alignleft\"><\/a><\/div><div class=\"post-excerpt\"><p>Heute ging es vom Norden in den Osten Estlands. Der Peipsij\u00e4rv ist sieben mal so gro\u00df wie der Bodensee daf\u00fcr aber nicht tiefer wie 20m bzw.8m im Durchschnitt.\u00a0 Er bildet \u00fcber fast seiner gesamten L\u00e4nge die Grenze zu Russland. Auf &hellip; <a href=\"http:\/\/blog.diewiens.de\/?p=598\">Weiterlesen <span class=\"meta-nav\">&rarr;<\/span><\/a><\/p><\/div><\/div><div class=\"associated-post\"><h2 class=\"post-title\"><a href=\"http:\/\/blog.diewiens.de\/?p=583\" title=\"Tallin (01. August)\">Tallin (01. August)<\/a><\/h2><div class=\"thumb-frame\"><a href=\"http:\/\/blog.diewiens.de\/?p=583\" title=\"Tallin (01. August)\"><img src=\"http:\/\/www.blog.diewiens.de\/wp-content\/uploads\/2013\/08\/wpid-20130801_1516281-150x150.jpg\" width=\"150\" height=\"150\" alt=\"Tallin (01. August)\" title=\"Tallin (01. August)\" class=\"thumb post-preview-image alignleft\"><\/a><\/div><div class=\"post-excerpt\"><p>Nach dem wir Vorgestern die wundersch\u00f6ne Insel Saaremaa in Richtung Tallin verlassen haben, stand heute der Besuch der estischen Hauptstadt an. Die Altstadt ist mit ihren vielen restaurierten Geb\u00e4uden ein touristisches Hauptziel vieler Kreuzfahrtschiffe und deren G\u00e4ste. Entsprechend gut ist &hellip; <a href=\"http:\/\/blog.diewiens.de\/?p=583\">Weiterlesen <span class=\"meta-nav\">&rarr;<\/span><\/a><\/p><\/div><\/div><div class=\"associated-post\"><h2 class=\"post-title\"><a href=\"http:\/\/blog.diewiens.de\/?p=565\" title=\"Saaremaa (30. Juli)\">Saaremaa (30. Juli)<\/a><\/h2><div class=\"thumb-frame\"><a href=\"http:\/\/blog.diewiens.de\/?p=565\" title=\"Saaremaa (30. Juli)\"><img src=\"http:\/\/www.blog.diewiens.de\/wp-content\/uploads\/2013\/07\/wpid-IMG_5292-150x150.jpg\" width=\"150\" height=\"150\" alt=\"Saaremaa (30. Juli)\" title=\"Saaremaa (30. Juli)\" class=\"thumb post-preview-image alignleft\"><\/a><\/div><div class=\"post-excerpt\"><p>Vor unserer Weiterfahrt nach Saaremaa haben wir der alten Kirche in Muhu noch einen Besuch abgestattet.\u00a0 Die Kirche ist aus dem 13. Jahrhundert und von einer sehr schlichten Sch\u00f6nheit.\u00a0 Auf dem Gel\u00e4nde liegen noch uralte Gr\u00e4ber,\u00a0 deren Grabsteine unheimlich aus &hellip; <a href=\"http:\/\/blog.diewiens.de\/?p=565\">Weiterlesen <span class=\"meta-nav\">&rarr;<\/span><\/a><\/p><\/div><\/div><div class=\"associated-post\"><h2 class=\"post-title\"><a href=\"http:\/\/blog.diewiens.de\/?p=552\" title=\"Aufbruch nach Estland (29. Juli)\">Aufbruch nach Estland (29. Juli)<\/a><\/h2><div class=\"thumb-frame\"><a href=\"http:\/\/blog.diewiens.de\/?p=552\" title=\"Aufbruch nach Estland (29. Juli)\"><img src=\"http:\/\/www.blog.diewiens.de\/wp-content\/uploads\/2013\/07\/wpid-20130729_2032271-150x150.jpg\" width=\"150\" height=\"150\" alt=\"Aufbruch nach Estland (29. Juli)\" title=\"Aufbruch nach Estland (29. Juli)\" class=\"thumb post-preview-image alignleft\"><\/a><\/div><div class=\"post-excerpt\"><p>Nach dem wir in aller Ruhe abgebaut haben und den tollen Ostseestrand noch ein wenig genossen haben sind wir zu einer l\u00e4ngeren Etappe Richtung Estland aufgebrochen.\u00a0 \u00dcber Jurmala und Riga sind wir immer weiter in dem Norden gefahren.\u00a0 Wir wollten &hellip; <a href=\"http:\/\/blog.diewiens.de\/?p=552\">Weiterlesen <span class=\"meta-nav\">&rarr;<\/span><\/a><\/p><\/div><\/div><div class=\"associated-post\"><h2 class=\"post-title\"><a href=\"http:\/\/blog.diewiens.de\/?p=545\" title=\"Richtung Kolka zur Bucht von Riga (28. Juli)\">Richtung Kolka zur Bucht von Riga (28. Juli)<\/a><\/h2><div class=\"thumb-frame\"><a href=\"http:\/\/blog.diewiens.de\/?p=545\" title=\"Richtung Kolka zur Bucht von Riga (28. Juli)\"><img src=\"http:\/\/www.blog.diewiens.de\/wp-content\/uploads\/2013\/07\/wpid-20130728_1349091-150x150.jpg\" width=\"150\" height=\"150\" alt=\"Richtung Kolka zur Bucht von Riga (28. Juli)\" title=\"Richtung Kolka zur Bucht von Riga (28. Juli)\" class=\"thumb post-preview-image alignleft\"><\/a><\/div><div class=\"post-excerpt\"><p>Heute sind wir nicht ganz so fr\u00fch los gekommen wie die Tage davor.\u00a0 So gegen 11:00 Uhr machten wir uns auf Richtung Kolka. Dort treffen die Str\u00f6mungen der Ostsee und der Bucht von Riga an einer Landspitze aufeinander. Doch vorher &hellip; <a href=\"http:\/\/blog.diewiens.de\/?p=545\">Weiterlesen <span class=\"meta-nav\">&rarr;<\/span><\/a><\/p><\/div><\/div><div class=\"associated-post\"><h2 class=\"post-title\"><a href=\"http:\/\/blog.diewiens.de\/?p=538\" title=\"Ventspils (27. Juli)\">Ventspils (27. Juli)<\/a><\/h2><div class=\"thumb-frame\"><a href=\"http:\/\/blog.diewiens.de\/?p=538\" title=\"Ventspils (27. Juli)\"><img src=\"http:\/\/www.blog.diewiens.de\/wp-content\/uploads\/2013\/07\/wpid-20130727_195920-150x150.jpg\" width=\"150\" height=\"150\" alt=\"Ventspils (27. Juli)\" title=\"Ventspils (27. Juli)\" class=\"thumb post-preview-image alignleft\"><\/a><\/div><div class=\"post-excerpt\"><p>An vielen Orten in der Stadt sind Gr\u00fcnfl\u00e4chen mit \u00fcppigen Blumenbeeten zu finden.\u00a0 Alle Gr\u00fcnanlagen, auch die auf Privatgrundst\u00fccken sind sehr gepflegt. Selbst wenn die Geb\u00e4ude darauf z. T. unbewohnt und abrissreif sind. Viele \u00f6ffentliche Geb\u00e4ude aber auch private H\u00e4user &hellip; <a href=\"http:\/\/blog.diewiens.de\/?p=538\">Weiterlesen <span class=\"meta-nav\">&rarr;<\/span><\/a><\/p><\/div><\/div><div class=\"associated-post\"><h2 class=\"post-title\"><a href=\"http:\/\/blog.diewiens.de\/?p=525\" title=\"Aufbruch nach Ventspils (26. Juli)\">Aufbruch nach Ventspils (26. Juli)<\/a><\/h2><div class=\"thumb-frame\"><a href=\"http:\/\/blog.diewiens.de\/?p=525\" title=\"Aufbruch nach Ventspils (26. Juli)\"><img src=\"http:\/\/www.blog.diewiens.de\/wp-content\/uploads\/2013\/07\/wpid-IMG_5180-150x150.jpg\" width=\"150\" height=\"150\" alt=\"Aufbruch nach Ventspils (26. Juli)\" title=\"Aufbruch nach Ventspils (26. Juli)\" class=\"thumb post-preview-image alignleft\"><\/a><\/div><div class=\"post-excerpt\"><p>Wir verlassen den traumhaft gelegenen Campingplatz westlich von Kuldiga nach zwei N\u00e4chten. Doch bevor wir weiter nach Ventspils fahren machen wir noch einen Abstecher zu den Wasserf\u00e4llen von Kuldiga. Die Br\u00fccke \u00fcber den Fluss Venta ist aufw\u00e4ndig restauriert worden. Der &hellip; <a href=\"http:\/\/blog.diewiens.de\/?p=525\">Weiterlesen <span class=\"meta-nav\">&rarr;<\/span><\/a><\/p><\/div><\/div><div class=\"associated-post\"><h2 class=\"post-title\"><a href=\"http:\/\/blog.diewiens.de\/?p=518\" title=\"Zur\u00fcck in den Westen von Lettland (24. Juli)\">Zur\u00fcck in den Westen von Lettland (24. Juli)<\/a><\/h2><div class=\"thumb-frame\"><a href=\"http:\/\/blog.diewiens.de\/?p=518\" title=\"Zur\u00fcck in den Westen von Lettland (24. Juli)\"><img src=\"http:\/\/www.blog.diewiens.de\/wp-content\/uploads\/2013\/07\/wpid-20130724_1835271-150x150.jpg\" width=\"150\" height=\"150\" alt=\"Zur\u00fcck in den Westen von Lettland (24. Juli)\" title=\"Zur\u00fcck in den Westen von Lettland (24. Juli)\" class=\"thumb post-preview-image alignleft\"><\/a><\/div><div class=\"post-excerpt\"><p>Die Nacht war ruhig, trotz der exponierten Lage des Riga Citycamping. Heute ging es Richtung Westen,\u00a0 grob Richtung Ventspils. Unser erster Stopp war im Nationalpark Kemeri. Dort sind wir in einem Moorgebiet einem Wanderpfad der zum gr\u00f6\u00dften Teil \u00fcber Holzstege &hellip; <a href=\"http:\/\/blog.diewiens.de\/?p=518\">Weiterlesen <span class=\"meta-nav\">&rarr;<\/span><\/a><\/p><\/div><\/div><div class=\"associated-post\"><h2 class=\"post-title\"><a href=\"http:\/\/blog.diewiens.de\/?p=502\" title=\"\u00dcber den Berg der Kreuze in Richtung Riga (23. Juli)\">\u00dcber den Berg der Kreuze in Richtung Riga (23. Juli)<\/a><\/h2><div class=\"thumb-frame\"><a href=\"http:\/\/blog.diewiens.de\/?p=502\" title=\"\u00dcber den Berg der Kreuze in Richtung Riga (23. Juli)\"><img src=\"http:\/\/www.blog.diewiens.de\/wp-content\/uploads\/2013\/07\/wpid-IMG_5033-150x150.jpg\" width=\"150\" height=\"150\" alt=\"\u00dcber den Berg der Kreuze in Richtung Riga (23. Juli)\" title=\"\u00dcber den Berg der Kreuze in Richtung Riga (23. Juli)\" class=\"thumb post-preview-image alignleft\"><\/a><\/div><div class=\"post-excerpt\"><p>In der Nacht hatte es geregnet. Der Morgen war kalt und feucht. Wir fr\u00fchst\u00fcckten und packten unsere Sieben Sachen. Tagesziel war heute die lettische Hauptstadt Riga. Doch vorher wollten wir unser am Vortag erworbenes Kreuz aus Bernstein noch am Berg &hellip; <a href=\"http:\/\/blog.diewiens.de\/?p=502\">Weiterlesen <span class=\"meta-nav\">&rarr;<\/span><\/a><\/p><\/div><\/div><div class=\"associated-post\"><h2 class=\"post-title\"><a href=\"http:\/\/blog.diewiens.de\/?p=486\" title=\"Die Altstadt von Klaipeda und Aufbruch zu Neuen (22. Juli)\">Die Altstadt von Klaipeda und Aufbruch zu Neuen (22. Juli)<\/a><\/h2><div class=\"thumb-frame\"><a href=\"http:\/\/blog.diewiens.de\/?p=486\" title=\"Die Altstadt von Klaipeda und Aufbruch zu Neuen (22. Juli)\"><img src=\"http:\/\/www.blog.diewiens.de\/wp-content\/uploads\/2013\/07\/wpid-IMG_4952-150x150.jpg\" width=\"150\" height=\"150\" alt=\"Die Altstadt von Klaipeda und Aufbruch zu Neuen (22. Juli)\" title=\"Die Altstadt von Klaipeda und Aufbruch zu Neuen (22. Juli)\" class=\"thumb post-preview-image alignleft\"><\/a><\/div><div class=\"post-excerpt\"><p>Nach dem wir unser Lager abgebaut haben sind wir vor der Weiterfahrt noch in die Altstadt von Klaipeda gefahren. Die deutsche Vergangenheit ist an Geb\u00e4uden und an Denkm\u00e4lern noch gut zu erkennen. Die Stadt verspr\u00fcht einen sehr entspannten Charme und &hellip; <a href=\"http:\/\/blog.diewiens.de\/?p=486\">Weiterlesen <span class=\"meta-nav\">&rarr;<\/span><\/a><\/p><\/div><\/div><div class=\"associated-post\"><h2 class=\"post-title\"><a href=\"http:\/\/blog.diewiens.de\/?p=485\" title=\"Auf der Kurischen N\u00e4hrung (21. Juli)\">Auf der Kurischen N\u00e4hrung (21. Juli)<\/a><\/h2><div class=\"thumb-frame\"><a href=\"http:\/\/blog.diewiens.de\/?p=485\" title=\"Auf der Kurischen N\u00e4hrung (21. Juli)\"><img src=\"http:\/\/www.blog.diewiens.de\/wp-content\/uploads\/2013\/07\/wpid-20130721_141331-150x150.jpg\" width=\"150\" height=\"150\" alt=\"Auf der Kurischen N\u00e4hrung (21. Juli)\" title=\"Auf der Kurischen N\u00e4hrung (21. Juli)\" class=\"thumb post-preview-image alignleft\"><\/a><\/div><div class=\"post-excerpt\"><p>Heute ging es mit der F\u00e4hre auf die Kurische N\u00e4hrung. Die F\u00e4hr\u00fcberfahrt ist mit der \u00dcberquerung des Rheins zu vergleichen. Praktischerweise zahlt man gleich f\u00fcr die R\u00fcckfahrt mit, wenn man von Klaipeda aus \u00fcbersetzt. Wir sind zuerst nach Preila lecker &hellip; <a href=\"http:\/\/blog.diewiens.de\/?p=485\">Weiterlesen <span class=\"meta-nav\">&rarr;<\/span><\/a><\/p><\/div><\/div><div class=\"associated-post\"><h2 class=\"post-title\"><a href=\"http:\/\/blog.diewiens.de\/?p=478\" title=\"Klaipeda in Litauen (20. Juli)\">Klaipeda in Litauen (20. Juli)<\/a><\/h2><div class=\"thumb-frame\"><a href=\"http:\/\/blog.diewiens.de\/?p=478\" title=\"Klaipeda in Litauen (20. Juli)\"><img src=\"http:\/\/www.blog.diewiens.de\/wp-content\/uploads\/2013\/07\/wpid-20130720_215838-150x150.jpg\" width=\"150\" height=\"150\" alt=\"Klaipeda in Litauen (20. Juli)\" title=\"Klaipeda in Litauen (20. Juli)\" class=\"thumb post-preview-image alignleft\"><\/a><\/div><div class=\"post-excerpt\"><p>Nach 22 Stunden ruhiger \u00dcberfahrt sind wir p\u00fcnktlich in Klaipeda angekommen.\u00a0 Da unser Gespann fast als letztes Fahrzeug bei der Abfahrt auf die F\u00e4hre durfte, waren wir entsprechenden die Ersten die von Board durften. Unseren Zeltplatz f\u00fcr die n\u00e4chsten 2 &hellip; <a href=\"http:\/\/blog.diewiens.de\/?p=478\">Weiterlesen <span class=\"meta-nav\">&rarr;<\/span><\/a><\/p><\/div><\/div><div class=\"associated-post\"><h2 class=\"post-title\"><a href=\"http:\/\/blog.diewiens.de\/?p=475\" title=\"Anreise nach Klaipeda (19. Juli)\">Anreise nach Klaipeda (19. Juli)<\/a><\/h2><div class=\"post-excerpt\"><p>Da der Beginn unserer Reise auf den letzten Schultag vor den gro\u00dfen Ferien gefallen ist,\u00a0 bin ich heute am Morgen mit Auto und Anh\u00e4nger schon mal Richtung Kiel aufgebrochen.\u00a0 Der Rest der Familie ist entspannt mit der Bahn angereist. Nun &hellip; <a href=\"http:\/\/blog.diewiens.de\/?p=475\">Weiterlesen <span class=\"meta-nav\">&rarr;<\/span><\/a><\/p><\/div><\/div><\/div>\n","protected":false},"excerpt":{"rendered":"<p>&nbsp; &nbsp; Relaxen am Haff und Abschied nehmen vom Baltikum (8. August)Direkt gegen\u00fcber der Kurischen N\u00e4hrung haben wir uns f\u00fcr die letzten zwei Tage auf einem Campingplatz niedergelassen. Ohne gro\u00dfe Pl\u00e4ne werden wird die beiden Tage hier verbringen. Bei \u00fcber &hellip; <a href=\"http:\/\/blog.diewiens.de\/?page_id=694\">Weiterlesen <span class=\"meta-nav\">&rarr;<\/span><\/a><\/p>\n","protected":false},"author":3,"featured_media":0,"parent":241,"menu_order":3,"comment_status":"open","ping_status":"closed","template":"onecolumn-page.php","meta":{"footnotes":""},"class_list":["post-694","page","type-page","status-publish","hentry"],"_links":{"self":[{"href":"http:\/\/blog.diewiens.de\/index.php?rest_route=\/wp\/v2\/pages\/694","targetHints":{"allow":["GET"]}}],"collection":[{"href":"http:\/\/blog.diewiens.de\/index.php?rest_route=\/wp\/v2\/pages"}],"about":[{"href":"http:\/\/blog.diewiens.de\/index.php?rest_route=\/wp\/v2\/types\/page"}],"author":[{"embeddable":true,"href":"http:\/\/blog.diewiens.de\/index.php?rest_route=\/wp\/v2\/users\/3"}],"replies":[{"embeddable":true,"href":"http:\/\/blog.diewiens.de\/index.php?rest_route=%2Fwp%2Fv2%2Fcomments&post=694"}],"version-history":[{"count":0,"href":"http:\/\/blog.diewiens.de\/index.php?rest_route=\/wp\/v2\/pages\/694\/revisions"}],"up":[{"embeddable":true,"href":"http:\/\/blog.diewiens.de\/index.php?rest_route=\/wp\/v2\/pages\/241"}],"wp:attachment":[{"href":"http:\/\/blog.diewiens.de\/index.php?rest_route=%2Fwp%2Fv2%2Fmedia&parent=694"}],"curies":[{"name":"wp","href":"https:\/\/api.w.org\/{rel}","templated":true}]}}